{"id":156,"date":"2019-02-26T04:34:15","date_gmt":"2019-02-26T04:34:15","guid":{"rendered":""},"modified":"2023-08-27T18:10:43","modified_gmt":"2023-08-27T18:10:43","slug":"strona-glowna","status":"publish","type":"page","link":"https:\/\/amalus.com.pl\/new\/","title":{"rendered":"Strona g\u0142\u00f3wna"},"content":{"rendered":"<section class=\"wpb-content-wrapper\"><p>[vc_row][vc_column offset=&#8221;vc_hidden-lg vc_hidden-md vc_hidden-sm&#8221;][tm_image xs_align=&#8221;center&#8221; image=&#8221;3476&#8243;][\/vc_column][\/vc_row][vc_row full_width=&#8221;stretch_row&#8221; content_placement=&#8221;middle&#8221; custom_border_color=&#8221;#eaeaea&#8221; background_color=&#8221;custom&#8221; separator_type=&#8221;center_curve_alt&#8221; custom_separator_color=&#8221;#f8f8f8&#8243; custom_background_color=&#8221;#111111&#8243; background_image=&#8221;3063&#8243; background_position=&#8221;center&#8221; separator_height=&#8221;lg:90&#8243;][vc_column][tm_spacer size=&#8221;sm:180;lg:268&#8243;][tm_heading custom_google_font=&#8221;&#8221; align=&#8221;center&#8221; text_color=&#8221;custom&#8221; custom_text_color=&#8221;#ffffff&#8221; font_size=&#8221;xs:35;sm:40;md:45;lg:55&#8243; line_height=&#8221;1.09&#8243;]Zintegrujemy Twoje potrzeby![\/tm_heading][tm_spacer size=&#8221;lg:50&#8243;][tm_button_group align=&#8221;center&#8221;][\/tm_button_group][tm_heading tag=&#8221;div&#8221; custom_google_font=&#8221;&#8221; font_weight=&#8221;500&#8243; align=&#8221;center&#8221; text_color=&#8221;custom&#8221; custom_text_color=&#8221;#ffffff&#8221; css=&#8221;.vc_custom_1687883141195{padding-top: 80px !important;padding-bottom: 80px !important;}&#8221; font_size=&#8221;xs:16;sm:18;md:18;lg:24&#8243;]Zajmujemy si\u0119 szeroko poj\u0119t\u0105 produkcj\u0105 uk\u0142ad\u00f3w automatyki i robotyki, m.in:[\/tm_heading][tm_spacer size=&#8221;lg:120&#8243;][\/vc_column][\/vc_row][vc_section full_width=&#8221;stretch_row&#8221; background_color=&#8221;custom&#8221; custom_background_color=&#8221;#f8f8f8&#8243; el_id=&#8221;section-consultation&#8221;][vc_row layer_index=&#8221;2&#8243;][vc_column][tm_slider_group content_shadow=&#8221;01&#8243; pagination=&#8221;01&#8243; gutter=&#8221;&#8221; auto_play=&#8221;5000&#8243; items_display=&#8221;xs:1;sm:2;lg:3&#8243; lg_spacing=&#8221;margin_top:-125&#8243;][tm_box_image style=&#8221;04&#8243; image=&#8221;2997&#8243; box_link=&#8221;url:http%3A%2F%2Famalus.com.pl%2Fnew%2Fautomatyka-biogazowni%2F|title:Zobacz%20wi%C4%99cej&#8221; heading=&#8221;Produkcj\u0105 uk\u0142ad\u00f3w automatyki biogazowni&#8221; hover_image=&#8221;2998&#8243; button=&#8221;url:http%3A%2F%2Famalus.com.pl%2Fnew%2Fautomatyka-biogazowni%2F|title:Zobacz%20wi%C4%99cej&#8221;][tm_box_image style=&#8221;04&#8243; image=&#8221;3000&#8243; box_link=&#8221;url:http%3A%2F%2Famalus.com.pl%2Fnew%2Fautomatyzacja-i-serwis-linii-produkcyjnych%2F|title:Zobacz%20wi%C4%99cej&#8221; heading=&#8221;Serwisem maszyn i linii produkcyjnych&#8221; hover_image=&#8221;3001&#8243; button=&#8221;url:http%3A%2F%2Famalus.com.pl%2Fnew%2Fautomatyzacja-i-serwis-linii-produkcyjnych%2F|title:Zobacz%20wi%C4%99cej&#8221;][tm_box_image style=&#8221;04&#8243; image=&#8221;3006&#8243; box_link=&#8221;url:http%3A%2F%2Famalus.com.pl%2Fnew%2Fprogramowanie-plc%2F|title:Zobacz%20wi%C4%99cej&#8221; heading=&#8221;Modyfikacj\u0105 uk\u0142ad\u00f3w sterowania&#8221; hover_image=&#8221;3007&#8243; button=&#8221;url:http%3A%2F%2Famalus.com.pl%2Fnew%2Fprogramowanie-plc%2F|title:Zobacz%20wi%C4%99cej&#8221;][tm_box_image style=&#8221;04&#8243; image=&#8221;3003&#8243; box_link=&#8221;url:http%3A%2F%2Famalus.com.pl%2Fnew%2Fautomatyzacja-i-serwis-linii-produkcyjnych%2F|title:Zobacz%20wi%C4%99cej&#8221; heading=&#8221;Automatyzacj\u0105 proces\u00f3w produkcyjnych&#8221; hover_image=&#8221;3004&#8243; button=&#8221;url:http%3A%2F%2Famalus.com.pl%2Fnew%2Fautomatyzacja-i-serwis-linii-produkcyjnych%2F|title:Zobacz%20wi%C4%99cej&#8221;][\/tm_slider_group][tm_spacer size=&#8221;lg:46&#8243;][\/vc_column][\/vc_row][vc_row custom_border_color=&#8221;&#8221; overlay_background=&#8221;custom&#8221; overlay_custom_background=&#8221;&#8221; overlay_opacity=&#8221;80&#8243; lg_spacing=&#8221;padding_top:50&#8243; onepage_anchor=&#8221;o_nas&#8221; el_id=&#8221;o_nas&#8221;][vc_column custom_border_color=&#8221;#ffffff&#8221;][tm_heading custom_google_font=&#8221;&#8221;]O nas[\/tm_heading][\/vc_column][\/vc_row][vc_row custom_border_color=&#8221;&#8221; overlay_background=&#8221;custom&#8221; overlay_custom_background=&#8221;&#8221; overlay_opacity=&#8221;80&#8243; lg_spacing=&#8221;padding_top:25;padding_bottom:50&#8243; sm_spacing=&#8221;padding_top:10;padding_bottom:100&#8243;][vc_column width=&#8221;1\/2&#8243; custom_border_color=&#8221;#ffffff&#8221;][vc_column_text]\u015awiadczymy us\u0142ugi w zakresie projektowania, budowania i modernizacji linii produkcyjnych, maszyn przemys\u0142owych.<\/p>\n<p>Drug\u0105 ga\u0142\u0119zi\u0105 dzia\u0142alno\u015bci firmy Amalus jest serwis urz\u0105dze\u0144. Posiadaj\u0105c du\u017ce do\u015bwiadczenie z r\u00f3\u017cnych ga\u0142\u0119zi przemys\u0142u, podejmujemy si\u0119 nowych, ciekawych wyzwa\u0144 w zakresie serwisu maszyn i urz\u0105dze\u0144 sektora automatyki oraz robotyki.<\/p>\n<p>Jako integratorzy, naszym celem jest wprowadzanie coraz bardziej optymalnych, niezawodnych rozwi\u0105za\u0144 dla naszych Klient\u00f3w, w oparciu o przemys\u0142 4.0 i loT tworz\u0105c w\u0142asne uk\u0142ady elektroniczne i \u00a0przyczyniaj\u0105c si\u0119 przy tym do dekarbonizacji \u015brodowiska i jak najmniejszych strat produkcyjnych.[\/vc_column_text][\/vc_column][vc_column width=&#8221;1\/2&#8243;][vc_column_text]Nasza misja to kreacja i wdra\u017canie projekt\u00f3w z zachowaniem jak najwi\u0119kszego cyberbezpiecze\u0144stwa obiekt\u00f3w przemys\u0142owych naszych Klient\u00f3w. \u015awiadczymy us\u0142ugi zdalnego serwisu urz\u0105dze\u0144 wykorzystuj\u0105c nasze w\u0142asne rozwi\u0105zania pozwalaj\u0105ce na dost\u0119p do urz\u0105dzenia z wykorzystaniem szyfrowanej transmisji danych.<\/p>\n<p>W trakcie 7 lat realizacji projekt\u00f3w zdobyli\u015bmy cenne do\u015bwiadczenie, praktyk\u0119 by podejmowa\u0107 si\u0119 interesuj\u0105cych, nowych temat\u00f3w. Wsp\u00f3\u0142pracuj\u0105c stale i \u015bci\u015ble z in\u017cynierami oraz technologami. Wci\u0105\u017c podnosimy swoje kwalifikacje.<\/p>\n<p>Amalus to ludzie, kt\u00f3rzy s\u0105 kreatywni, dociekliwi, skrupulatni, ch\u0142onni nowych wyzwa\u0144. Nasze szeregi zasilaj\u0105 przede wszystkim in\u017cynierowie, automatycy, robotycy, ale tak\u017ce te\u017c marketerzy.[\/vc_column_text][\/vc_column][\/vc_row][vc_row full_width=&#8221;stretch_row&#8221; custom_border_color=&#8221;&#8221; background_color=&#8221;custom&#8221; overlay_background=&#8221;custom&#8221; overlay_custom_background=&#8221;&#8221; overlay_opacity=&#8221;80&#8243; lg_spacing=&#8221;padding_top:50&#8243; sm_spacing=&#8221;padding_top:100;padding_bottom:100&#8243; custom_background_color=&#8221;#ffffff&#8221; onepage_anchor=&#8221;aktualnosci&#8221; el_id=&#8221;aktualnosci&#8221;][vc_column custom_border_color=&#8221;#ffffff&#8221;][tm_heading custom_google_font=&#8221;&#8221;]Aktualno\u015bci[\/tm_heading][\/vc_column][\/vc_row][vc_row full_width=&#8221;stretch_row&#8221; custom_border_color=&#8221;&#8221; background_color=&#8221;custom&#8221; lg_spacing=&#8221;padding_top:10;padding_bottom:50&#8243; sm_spacing=&#8221;padding_top:10;padding_bottom:100&#8243; custom_background_color=&#8221;#ffffff&#8221;][vc_column][tm_blog_widget show_category=&#8221;&#8221; number=&#8221;10&#8243;][\/vc_column][\/vc_row][\/vc_section]<\/p>\n<\/section>","protected":false},"excerpt":{"rendered":"<p>[vc_row][vc_column offset=&#8221;vc_hidden-lg vc_hidden-md vc_hidden-sm&#8221;][tm_image xs_align=&#8221;center&#8221; image=&#8221;3476&#8243;][\/vc_column][\/vc_row][vc_row full_width=&#8221;stretch_row&#8221; content_placement=&#8221;middle&#8221; custom_border_color=&#8221;#eaeaea&#8221; background_color=&#8221;custom&#8221; separator_type=&#8221;center_curve_alt&#8221; custom_separator_color=&#8221;#f8f8f8&#8243; custom_background_color=&#8221;#111111&#8243; background_image=&#8221;3063&#8243; background_position=&#8221;center&#8221; separator_height=&#8221;lg:90&#8243;][vc_column][tm_spacer size=&#8221;sm:180;lg:268&#8243;][tm_heading custom_google_font=&#8221;&#8221; align=&#8221;center&#8221; text_color=&#8221;custom&#8221; custom_text_color=&#8221;#ffffff&#8221; font_size=&#8221;xs:35;sm:40;md:45;lg:55&#8243; line_height=&#8221;1.09&#8243;]Zintegrujemy Twoje potrzeby![\/tm_heading][tm_spacer size=&#8221;lg:50&#8243;][tm_button_group align=&#8221;center&#8221;][\/tm_button_group][tm_heading tag=&#8221;div&#8221; custom_google_font=&#8221;&#8221; font_weight=&#8221;500&#8243; align=&#8221;center&#8221; text_color=&#8221;custom&#8221; custom_text_color=&#8221;#ffffff&#8221; css=&#8221;.vc_custom_1687883141195{padding-top: 80px !important;padding-bottom: 80px !important;}&#8221; font_size=&#8221;xs:16;sm:18;md:18;lg:24&#8243;]Zajmujemy si\u0119 szeroko poj\u0119t\u0105 produkcj\u0105 uk\u0142ad\u00f3w automatyki i robotyki, m.in:[\/tm_heading][tm_spacer size=&#8221;lg:120&#8243;][\/vc_column][\/vc_row][vc_section full_width=&#8221;stretch_row&#8221; background_color=&#8221;custom&#8221; custom_background_color=&#8221;#f8f8f8&#8243; el_id=&#8221;section-consultation&#8221;][vc_row layer_index=&#8221;2&#8243;][vc_column][tm_slider_group content_shadow=&#8221;01&#8243; pagination=&#8221;01&#8243; gutter=&#8221;&#8221; auto_play=&#8221;5000&#8243; items_display=&#8221;xs:1;sm:2;lg:3&#8243; lg_spacing=&#8221;margin_top:-125&#8243;][tm_box_image style=&#8221;04&#8243; image=&#8221;2997&#8243; box_link=&#8221;url:http%3A%2F%2Famalus.com.pl%2Fnew%2Fautomatyka-biogazowni%2F|title:Zobacz%20wi%C4%99cej&#8221; heading=&#8221;Produkcj\u0105 uk\u0142ad\u00f3w automatyki biogazowni&#8221; hover_image=&#8221;2998&#8243; button=&#8221;url:http%3A%2F%2Famalus.com.pl%2Fnew%2Fautomatyka-biogazowni%2F|title:Zobacz%20wi%C4%99cej&#8221;][tm_box_image style=&#8221;04&#8243; image=&#8221;3000&#8243; box_link=&#8221;url:http%3A%2F%2Famalus.com.pl%2Fnew%2Fautomatyzacja-i-serwis-linii-produkcyjnych%2F|title:Zobacz%20wi%C4%99cej&#8221; heading=&#8221;Serwisem maszyn i linii produkcyjnych&#8221; hover_image=&#8221;3001&#8243; button=&#8221;url:http%3A%2F%2Famalus.com.pl%2Fnew%2Fautomatyzacja-i-serwis-linii-produkcyjnych%2F|title:Zobacz%20wi%C4%99cej&#8221;][tm_box_image style=&#8221;04&#8243; image=&#8221;3006&#8243; box_link=&#8221;url:http%3A%2F%2Famalus.com.pl%2Fnew%2Fprogramowanie-plc%2F|title:Zobacz%20wi%C4%99cej&#8221; heading=&#8221;Modyfikacj\u0105 uk\u0142ad\u00f3w sterowania&#8221; hover_image=&#8221;3007&#8243; button=&#8221;url:http%3A%2F%2Famalus.com.pl%2Fnew%2Fprogramowanie-plc%2F|title:Zobacz%20wi%C4%99cej&#8221;][tm_box_image style=&#8221;04&#8243; image=&#8221;3003&#8243; box_link=&#8221;url:http%3A%2F%2Famalus.com.pl%2Fnew%2Fautomatyzacja-i-serwis-linii-produkcyjnych%2F|title:Zobacz%20wi%C4%99cej&#8221; heading=&#8221;Automatyzacj\u0105 proces\u00f3w produkcyjnych&#8221; hover_image=&#8221;3004&#8243; button=&#8221;url:http%3A%2F%2Famalus.com.pl%2Fnew%2Fautomatyzacja-i-serwis-linii-produkcyjnych%2F|title:Zobacz%20wi%C4%99cej&#8221;][\/tm_slider_group][tm_spacer size=&#8221;lg:46&#8243;][\/vc_column][\/vc_row][vc_row custom_border_color=&#8221;&#8221; overlay_background=&#8221;custom&#8221; overlay_custom_background=&#8221;&#8221; overlay_opacity=&#8221;80&#8243; lg_spacing=&#8221;padding_top:50&#8243; onepage_anchor=&#8221;o_nas&#8221; el_id=&#8221;o_nas&#8221;][vc_column custom_border_color=&#8221;#ffffff&#8221;][tm_heading custom_google_font=&#8221;&#8221;]O nas[\/tm_heading][\/vc_column][\/vc_row][vc_row custom_border_color=&#8221;&#8221; overlay_background=&#8221;custom&#8221; overlay_custom_background=&#8221;&#8221; overlay_opacity=&#8221;80&#8243; lg_spacing=&#8221;padding_top:25;padding_bottom:50&#8243; sm_spacing=&#8221;padding_top:10;padding_bottom:100&#8243;][vc_column width=&#8221;1\/2&#8243; custom_border_color=&#8221;#ffffff&#8221;][vc_column_text]\u015awiadczymy us\u0142ugi w zakresie projektowania, budowania i modernizacji linii produkcyjnych, maszyn przemys\u0142owych. Drug\u0105 ga\u0142\u0119zi\u0105 dzia\u0142alno\u015bci firmy Amalus jest serwis urz\u0105dze\u0144. Posiadaj\u0105c du\u017ce do\u015bwiadczenie z r\u00f3\u017cnych ga\u0142\u0119zi przemys\u0142u, podejmujemy si\u0119 nowych, ciekawych wyzwa\u0144 w zakresie serwisu maszyn i urz\u0105dze\u0144 sektora automatyki oraz robotyki. Jako integratorzy, naszym celem jest wprowadzanie coraz bardziej optymalnych, niezawodnych rozwi\u0105za\u0144 dla naszych Klient\u00f3w, w oparciu o przemys\u0142 4.0 i loT tworz\u0105c w\u0142asne uk\u0142ady elektroniczne i \u00a0przyczyniaj\u0105c si\u0119 przy tym do dekarbonizacji \u015brodowiska i jak najmniejszych strat produkcyjnych.[\/vc_column_text][\/vc_column][vc_column width=&#8221;1\/2&#8243;][vc_column_text]Nasza misja to kreacja i wdra\u017canie projekt\u00f3w z zachowaniem jak najwi\u0119kszego cyberbezpiecze\u0144stwa obiekt\u00f3w przemys\u0142owych naszych Klient\u00f3w. \u015awiadczymy us\u0142ugi zdalnego serwisu urz\u0105dze\u0144 wykorzystuj\u0105c nasze w\u0142asne rozwi\u0105zania pozwalaj\u0105ce na dost\u0119p do urz\u0105dzenia z wykorzystaniem szyfrowanej transmisji danych. W trakcie 7 lat realizacji projekt\u00f3w zdobyli\u015bmy cenne do\u015bwiadczenie, praktyk\u0119 by podejmowa\u0107 si\u0119 interesuj\u0105cych, nowych temat\u00f3w. Wsp\u00f3\u0142pracuj\u0105c stale i \u015bci\u015ble z in\u017cynierami oraz technologami. Wci\u0105\u017c podnosimy swoje kwalifikacje. Amalus to ludzie, kt\u00f3rzy s\u0105 kreatywni, dociekliwi, skrupulatni, ch\u0142onni nowych wyzwa\u0144. Nasze szeregi zasilaj\u0105 przede wszystkim in\u017cynierowie, automatycy, robotycy, ale tak\u017ce te\u017c marketerzy.[\/vc_column_text][\/vc_column][\/vc_row][vc_row full_width=&#8221;stretch_row&#8221; custom_border_color=&#8221;&#8221; background_color=&#8221;custom&#8221; overlay_background=&#8221;custom&#8221; overlay_custom_background=&#8221;&#8221; overlay_opacity=&#8221;80&#8243; lg_spacing=&#8221;padding_top:50&#8243; sm_spacing=&#8221;padding_top:100;padding_bottom:100&#8243; custom_background_color=&#8221;#ffffff&#8221; onepage_anchor=&#8221;aktualnosci&#8221; el_id=&#8221;aktualnosci&#8221;][vc_column custom_border_color=&#8221;#ffffff&#8221;][tm_heading custom_google_font=&#8221;&#8221;]Aktualno\u015bci[\/tm_heading][\/vc_column][\/vc_row][vc_row full_width=&#8221;stretch_row&#8221; custom_border_color=&#8221;&#8221; background_color=&#8221;custom&#8221; lg_spacing=&#8221;padding_top:10;padding_bottom:50&#8243; sm_spacing=&#8221;padding_top:10;padding_bottom:100&#8243; custom_background_color=&#8221;#ffffff&#8221;][vc_column][tm_blog_widget show_category=&#8221;&#8221; number=&#8221;10&#8243;][\/vc_column][\/vc_row][\/vc_section]<\/p>\n","protected":false},"author":1,"featured_media":0,"parent":0,"menu_order":0,"comment_status":"closed","ping_status":"closed","template":"","meta":{"footnotes":""},"_links":{"self":[{"href":"https:\/\/amalus.com.pl\/new\/wp-json\/wp\/v2\/pages\/156"}],"collection":[{"href":"https:\/\/amalus.com.pl\/new\/wp-json\/wp\/v2\/pages"}],"about":[{"href":"https:\/\/amalus.com.pl\/new\/wp-json\/wp\/v2\/types\/page"}],"author":[{"embeddable":true,"href":"https:\/\/amalus.com.pl\/new\/wp-json\/wp\/v2\/users\/1"}],"replies":[{"embeddable":true,"href":"https:\/\/amalus.com.pl\/new\/wp-json\/wp\/v2\/comments?post=156"}],"version-history":[{"count":116,"href":"https:\/\/amalus.com.pl\/new\/wp-json\/wp\/v2\/pages\/156\/revisions"}],"predecessor-version":[{"id":3699,"href":"https:\/\/amalus.com.pl\/new\/wp-json\/wp\/v2\/pages\/156\/revisions\/3699"}],"wp:attachment":[{"href":"https:\/\/amalus.com.pl\/new\/wp-json\/wp\/v2\/media?parent=156"}],"curies":[{"name":"wp","href":"https:\/\/api.w.org\/{rel}","templated":true}]}}