{"id":3,"date":"2023-06-13T20:39:52","date_gmt":"2023-06-13T20:39:52","guid":{"rendered":"http:\/\/amalus.com.pl\/new\/?page_id=3"},"modified":"2023-08-06T11:21:20","modified_gmt":"2023-08-06T11:21:20","slug":"polityka-prywatnosci","status":"publish","type":"page","link":"https:\/\/amalus.com.pl\/new\/polityka-prywatnosci\/","title":{"rendered":"Polityka prywatno\u015bci"},"content":{"rendered":"<section class=\"wpb-content-wrapper\"><p>[vc_row][vc_column][vc_column_text]<\/p>\r\n<h3 class=\"wp-block-heading\" style=\"text-align: left;\"><strong>Polityka prywatno\u015bci<\/strong><\/h3>\r\n<p style=\"text-align: left;\">Niniejsza Polityka Prywatno\u015bci okre\u015bla zasady przetwarzania danych osobowych u\u017cytkownik\u00f3w korzystaj\u0105cych z witryny internetowej www.amalus.com.pl, nale\u017c\u0105cej do firmy Amalus Pawe\u0142 Jab\u0142o\u0144ski.<br \/>Zale\u017cy nam na ochronie Twojej prywatno\u015bci, dlatego zapewniamy Ci pe\u0142n\u0105 informacj\u0119 na temat celu i zakresu przetwarzania Twoich danych osobowych oraz Twoich praw zwi\u0105zanych z tym procesem.<\/p>\r\n<h4><!-- \/wp:paragraph --> <strong>Administrator Danych Osobowych<\/strong><\/h4>\r\n<p>Administratorem Twoich danych osobowych jest firma Amalus Pawe\u0142 Jab\u0142o\u0144ski z siedzib\u0105<br \/>ul. Zegad\u0142owicza 41\/1 50-226 Wroc\u0142aw<br \/>Cele Przetwarzania Danych Osobowych<\/p>\r\n<p><strong>Twoje dane osobowe s\u0105 przetwarzane w celu:<\/strong><\/p>\r\n<p>a) \u015awiadczenia us\u0142ug oferowanych przez firm\u0119 Amalus Pawe\u0142 Jab\u0142o\u0144ski zgodnie z zawartymi umowami lub w odpowiedzi na Twoje zapytania zwi\u0105zane z naszymi produktami lub us\u0142ugami.<br \/>b) Obs\u0142ugi zapyta\u0144 i komunikacji, w tym udzielania odpowiedzi na pytania i informacje odnosz\u0105ce si\u0119 do naszej dzia\u0142alno\u015bci.<br \/>c) Realizacji zobowi\u0105za\u0144 prawnych wynikaj\u0105cych z obowi\u0105zuj\u0105cych przepis\u00f3w prawa.<br \/>d) Marketingu i promocji w\u0142asnych produkt\u00f3w i us\u0142ug firmy Amalus Pawe\u0142 Jab\u0142o\u0144ski, jednak tylko wtedy, gdy wyrazi\u0142e\u015b\/a\u015b na to zgod\u0119.<\/p>\r\n<p><strong>Prawo do Ochrony Danych Osobowych<\/strong><\/p>\r\n<p>Zgodnie z obowi\u0105zuj\u0105cymi przepisami RODO, przys\u0142uguj\u0105 Ci nast\u0119puj\u0105ce prawa zwi\u0105zane z przetwarzaniem Twoich danych osobowych:<\/p>\r\n<p>a) Prawo dost\u0119pu &#8211; masz prawo uzyska\u0107 potwierdzenie, czy przetwarzamy Twoje dane osobowe, a je\u015bli tak, mo\u017cesz za\u017c\u0105da\u0107 dost\u0119pu do tych danych i uzyska\u0107 ich kopi\u0119.<br \/>b) Prawo do sprostowania &#8211; je\u015bli Twoje dane s\u0105 nieprawid\u0142owe lub niekompletne, masz prawo za\u017c\u0105da\u0107 poprawienia lub uzupe\u0142nienia swoich danych.<br \/>c) Prawo do usuni\u0119cia &#8211; w niekt\u00f3rych przypadkach, mo\u017cesz za\u017c\u0105da\u0107 usuni\u0119cia swoich danych osobowych.<br \/>d) Prawo do ograniczenia przetwarzania &#8211; masz prawo za\u017c\u0105da\u0107 ograniczenia przetwarzania swoich danych osobowych, je\u015bli np. kwestionujesz dok\u0142adno\u015b\u0107 danych lub sprzeciwiasz si\u0119 ich przetwarzaniu.<br \/>e) Prawo do przenoszenia danych &#8211; masz prawo otrzyma\u0107 swoje dane osobowe w ustrukturyzowanym, powszechnie u\u017cywanym formacie, oraz przes\u0142a\u0107 je innemu administratorowi danych.<br \/>f) Prawo do wycofania zgody &#8211; je\u015bli przetwarzamy Twoje dane na podstawie Twojej zgody, masz prawo j\u0105 wycofa\u0107 w dowolnym momencie, bez wp\u0142ywu na zgodno\u015b\u0107 z prawem przetwarzania dokonanego przed wycofaniem zgody.<\/p>\r\n<h4><strong>Pliki Cookies<\/strong><\/h4>\r\n<p>Nasza strona internetowa mo\u017ce korzysta\u0107 z plik\u00f3w cookies w celu poprawy jako\u015bci us\u0142ug oraz dostosowania tre\u015bci do Twoich preferencji. Informacje o plikach cookies znajduj\u0105 si\u0119 w naszej Polityce Cookies.<\/p>\r\n<h4><strong>Bezpiecze\u0144stwo Danych Osobowych<\/strong><\/h4>\r\n<p>Firma Amalus Pawe\u0142 Jab\u0142o\u0144ski dba o odpowiednie \u015brodki techniczne i organizacyjne, kt\u00f3re maj\u0105 na celu zabezpieczenie Twoich danych osobowych przed dost\u0119pem nieupowa\u017cnionych os\u00f3b lub ich nieuprawnionym ujawnieniem.<\/p>\r\n<h4><strong>Kontakt<\/strong><\/h4>\r\n<p>W razie jakichkolwiek pyta\u0144 lub w\u0105tpliwo\u015bci dotycz\u0105cych przetwarzania Twoich danych osobowych lub korzystania z praw zwi\u0105zanych z ochron\u0105 danych osobowych, prosimy o kontakt z nami za po\u015brednictwem adresu e-mail: <strong><a href=\"mailto:kontakt@amalus.com.pl\">kontakt@amalus.com.pl<\/a>.<\/strong><\/p>\r\n<p>Niniejsza Polityka Prywatno\u015bci obowi\u0105zuje od dnia 28.07.2023 rok, a wszelkie zmiany w niej wprowadzane b\u0119d\u0105 publikowane na naszej stronie internetowej.<\/p>\r\n<p><strong>Dzi\u0119kujemy za zaufanie i korzystanie z naszych us\u0142ug!<\/strong><\/p>\r\n<p>Zesp\u00f3\u0142 Amalus Pawe\u0142 Jab\u0142o\u0144ski \ud83c\udfe2\ud83d\udd12\ud83e\udd1d<\/p>\r\n<p>[\/vc_column_text][\/vc_column][\/vc_row]<\/p><\/section>","protected":false},"excerpt":{"rendered":"<p>[vc_row][vc_column][vc_column_text] Polityka prywatno\u015bci Niniejsza Polityka Prywatno\u015bci okre\u015bla zasady przetwarzania danych osobowych u\u017cytkownik\u00f3w korzystaj\u0105cych z witryny internetowej www.amalus.com.pl, nale\u017c\u0105cej do firmy Amalus Pawe\u0142 Jab\u0142o\u0144ski.Zale\u017cy nam na ochronie Twojej prywatno\u015bci, dlatego zapewniamy Ci pe\u0142n\u0105 informacj\u0119 na temat celu i zakresu przetwarzania Twoich danych osobowych oraz Twoich praw zwi\u0105zanych z tym procesem. Administrator Danych Osobowych Administratorem Twoich danych osobowych jest firma Amalus Pawe\u0142 Jab\u0142o\u0144ski z siedzib\u0105ul. Zegad\u0142owicza 41\/1 50-226 Wroc\u0142awCele Przetwarzania Danych Osobowych Twoje dane osobowe s\u0105 przetwarzane w celu: a) \u015awiadczenia us\u0142ug oferowanych przez firm\u0119 Amalus Pawe\u0142 Jab\u0142o\u0144ski zgodnie z zawartymi umowami lub w odpowiedzi na Twoje zapytania zwi\u0105zane z naszymi produktami lub us\u0142ugami.b) Obs\u0142ugi zapyta\u0144 i komunikacji, w tym udzielania odpowiedzi na pytania i informacje odnosz\u0105ce si\u0119 do naszej dzia\u0142alno\u015bci.c) Realizacji zobowi\u0105za\u0144 prawnych wynikaj\u0105cych z obowi\u0105zuj\u0105cych przepis\u00f3w prawa.d) Marketingu i promocji w\u0142asnych produkt\u00f3w i us\u0142ug firmy Amalus Pawe\u0142 Jab\u0142o\u0144ski, jednak tylko wtedy, gdy wyrazi\u0142e\u015b\/a\u015b na to zgod\u0119. Prawo do Ochrony Danych Osobowych Zgodnie z obowi\u0105zuj\u0105cymi przepisami RODO, przys\u0142uguj\u0105 Ci nast\u0119puj\u0105ce prawa zwi\u0105zane z przetwarzaniem Twoich danych osobowych: a) Prawo dost\u0119pu &#8211; masz prawo uzyska\u0107 potwierdzenie, czy przetwarzamy Twoje dane osobowe, a je\u015bli tak, mo\u017cesz za\u017c\u0105da\u0107 dost\u0119pu do tych danych i uzyska\u0107 ich kopi\u0119.b) Prawo do sprostowania &#8211; je\u015bli Twoje dane s\u0105 nieprawid\u0142owe lub niekompletne, masz prawo za\u017c\u0105da\u0107 poprawienia lub uzupe\u0142nienia swoich danych.c) Prawo do usuni\u0119cia &#8211; w niekt\u00f3rych przypadkach, mo\u017cesz za\u017c\u0105da\u0107 usuni\u0119cia swoich danych osobowych.d) Prawo do ograniczenia przetwarzania &#8211; masz prawo za\u017c\u0105da\u0107 ograniczenia przetwarzania swoich danych osobowych, je\u015bli np. kwestionujesz dok\u0142adno\u015b\u0107 danych lub sprzeciwiasz si\u0119 ich przetwarzaniu.e) Prawo do przenoszenia danych &#8211; masz prawo otrzyma\u0107 swoje dane osobowe w ustrukturyzowanym, powszechnie u\u017cywanym formacie, oraz przes\u0142a\u0107 je innemu administratorowi danych.f) Prawo do wycofania zgody &#8211; je\u015bli przetwarzamy Twoje dane na podstawie Twojej zgody, masz prawo j\u0105 wycofa\u0107 w dowolnym momencie, bez wp\u0142ywu na zgodno\u015b\u0107 z prawem przetwarzania dokonanego przed wycofaniem zgody. Pliki Cookies Nasza strona internetowa mo\u017ce korzysta\u0107 z plik\u00f3w cookies w celu poprawy jako\u015bci us\u0142ug oraz dostosowania tre\u015bci do Twoich preferencji. Informacje o plikach cookies znajduj\u0105 si\u0119 w naszej Polityce Cookies. Bezpiecze\u0144stwo Danych Osobowych Firma Amalus Pawe\u0142 Jab\u0142o\u0144ski dba o odpowiednie \u015brodki techniczne i organizacyjne, kt\u00f3re maj\u0105 na celu zabezpieczenie Twoich danych osobowych przed dost\u0119pem nieupowa\u017cnionych os\u00f3b lub ich nieuprawnionym ujawnieniem. Kontakt W razie jakichkolwiek pyta\u0144 lub w\u0105tpliwo\u015bci dotycz\u0105cych przetwarzania Twoich danych osobowych lub korzystania z praw zwi\u0105zanych z ochron\u0105 danych osobowych, prosimy o kontakt z nami za po\u015brednictwem adresu e-mail: kontakt@amalus.com.pl. Niniejsza Polityka Prywatno\u015bci obowi\u0105zuje od dnia 28.07.2023 rok, a wszelkie zmiany w niej wprowadzane b\u0119d\u0105 publikowane na naszej stronie internetowej. Dzi\u0119kujemy za zaufanie i korzystanie z naszych us\u0142ug! Zesp\u00f3\u0142 Amalus Pawe\u0142 Jab\u0142o\u0144ski \ud83c\udfe2\ud83d\udd12\ud83e\udd1d [\/vc_column_text][\/vc_column][\/vc_row]<\/p>\n","protected":false},"author":1,"featured_media":0,"parent":0,"menu_order":0,"comment_status":"closed","ping_status":"closed","template":"","meta":{"footnotes":""},"_links":{"self":[{"href":"https:\/\/amalus.com.pl\/new\/wp-json\/wp\/v2\/pages\/3"}],"collection":[{"href":"https:\/\/amalus.com.pl\/new\/wp-json\/wp\/v2\/pages"}],"about":[{"href":"https:\/\/amalus.com.pl\/new\/wp-json\/wp\/v2\/types\/page"}],"author":[{"embeddable":true,"href":"https:\/\/amalus.com.pl\/new\/wp-json\/wp\/v2\/users\/1"}],"replies":[{"embeddable":true,"href":"https:\/\/amalus.com.pl\/new\/wp-json\/wp\/v2\/comments?post=3"}],"version-history":[{"count":13,"href":"https:\/\/amalus.com.pl\/new\/wp-json\/wp\/v2\/pages\/3\/revisions"}],"predecessor-version":[{"id":3528,"href":"https:\/\/amalus.com.pl\/new\/wp-json\/wp\/v2\/pages\/3\/revisions\/3528"}],"wp:attachment":[{"href":"https:\/\/amalus.com.pl\/new\/wp-json\/wp\/v2\/media?parent=3"}],"curies":[{"name":"wp","href":"https:\/\/api.w.org\/{rel}","templated":true}]}}