{"id":3170,"date":"2023-07-16T18:35:34","date_gmt":"2023-07-16T18:35:34","guid":{"rendered":"http:\/\/amalus.com.pl\/new\/?page_id=3170"},"modified":"2023-08-06T11:20:43","modified_gmt":"2023-08-06T11:20:43","slug":"dofinansowanie","status":"publish","type":"page","link":"https:\/\/amalus.com.pl\/new\/dofinansowanie\/","title":{"rendered":"Dofinansowanie"},"content":{"rendered":"<section class=\"wpb-content-wrapper\"><p>[vc_row][vc_column][tm_image action=&#8221;custom_link&#8221; image=&#8221;3172&#8243; custom_link=&#8221;url:https%3A%2F%2Fmapadotacji.gov.pl%2F|target:_blank&#8221;][\/vc_column][\/vc_row][vc_row lg_spacing=&#8221;padding_top:40;padding_bottom:20&#8243; xs_spacing=&#8221;padding_top:15;padding_bottom:15&#8243;][vc_column][tm_heading tag=&#8221;h4&#8243; custom_google_font=&#8221;&#8221; css=&#8221;.vc_custom_1691319590129{padding-bottom: 20px !important;}&#8221;]Aktualna perspektywa unijna na lata 2021-2027 z bud\u017cetem ponad 100 mld euro przyznanych Polsce, zdecydowanie przyczyni si\u0119 do realizacji wielu inwestycji.<br \/>\n[\/tm_heading][vc_column_text]Je\u015bli posiadasz opracowany szczeg\u00f3\u0142owy projekt swojego wymarzonego przedsi\u0119biorstwa lub planujesz modernizacj\u0119 istniej\u0105cego, lecz wci\u0105\u017c brakuje Ci niezb\u0119dnych \u015brodk\u00f3w finansowych do jego realizacji, to nadszed\u0142 czas, aby skorzysta\u0107 z Funduszy Europejskich.<br \/>\nJako firma AMALUS posiadamy du\u017ce do\u015bwiadczenie w prowadzeniu projekt\u00f3w badawczych we wsp\u00f3\u0142pracy jednostk\u0105 naukow\u0105 \u2013 Politechnik\u0105 Wroc\u0142awsk\u0105.<br \/>\nNasza oferta skierowana jest do przedsi\u0119biorstw <strong>produkcyjnych zlokalizowanych<\/strong> na terytorium Polski, kt\u00f3re pragn\u0105 rozwija\u0107 si\u0119, s\u0105 otwarte na innowacje oraz zmiany.<\/p>\n<p>Jeste\u015bmy odpowiednio przygotowani, aby pokierowa\u0107 projektem na etapie:<\/p>\n<p>&#8211; opracowania potrzeb produkcyjnych,<br \/>\n&#8211; przygotowania cz\u0119\u015bci merytorycznej sk\u0142adanego wniosku,<br \/>\n&#8211; opracowanie cz\u0119\u015bci badawczej i jej przeprowadzenie we wsp\u00f3\u0142pracy z jednostk\u0105 naukow\u0105.<\/p>\n<p>Kluczem do sukcesu jest efektywna wsp\u00f3\u0142praca pomi\u0119dzy stronami zaanga\u017cowanymi w projekt. Opracowanie wniosku wymaga od Twojej firmy zaanga\u017cowania wielu dzia\u0142\u00f3w jak: techniczny, produkcja, ksi\u0119gowo\u015b\u0107 etc..<br \/>\nW tej konfiguracji na pewno odniesiemy sukces! Nasza firma pomaga skutecznie pozyska\u0107 dotacje na rozw\u00f3j Twojego przedsi\u0119biorstwa![\/vc_column_text][\/vc_column][\/vc_row][vc_row][vc_column][tm_heading tag=&#8221;h4&#8243; custom_google_font=&#8221;&#8221; css=&#8221;.vc_custom_1691319556999{padding-bottom: 20px !important;}&#8221;]Sprawd\u017a aktualne programy dofinansowa\u0144:<br \/>\n[\/tm_heading][vc_column_text]<a href=\"https:\/\/www.parp.gov.pl\/component\/grants\/grants\/sciezka-smart\">https:\/\/www.parp.gov.pl\/component\/grants\/grants\/sciezka-smart<\/a> <strong>PARP<\/strong>[\/vc_column_text][tm_heading tag=&#8221;h4&#8243; custom_google_font=&#8221;&#8221; css=&#8221;.vc_custom_1691319539843{padding-top: 20px !important;}&#8221;]Aktualne projekty: \u015acie\u017cka SMART<\/p>\n<p>[\/tm_heading][vc_column_text]<\/p>\n<h4><strong>Dla kogo?<\/strong><\/h4>\n<p>Przedsi\u0119biorstwa ma\u0142e, \u015brednie, du\u017ce i ich konsorcja, w sk\u0142ad kt\u00f3rych mog\u0105 wchodzi\u0107 jednostki naukowe i organizacje pozarz\u0105dowe.<\/p>\n<p>Poziom dofinansowania &#8211; nawet do 80% koszt\u00f3w projektu.<\/p>\n<p><a href=\"https:\/\/www.gov.pl\/web\/ncbr\">https:\/\/www.gov.pl\/web\/ncbr<\/a> <strong>NCBR<\/strong><\/p>\n<h4><strong>Aktualne projekty:<\/strong><\/h4>\n<p><strong>Program FENG<\/strong><\/p>\n<p>Pozosta\u0142e aktualne programy unijne dost\u0119pne na oficjalnej stronie: <a href=\"http:\/\/www.funduszeeuropejskie.gov.pl\">www.funduszeeuropejskie.gov.pl<\/a><\/p>\n<p>Do ka\u017cdego projektu podchodzimy indywidualnie. Skontaktuj si\u0119 z nami, a odpowiemy na wszelkie pytania.<\/p>\n<h4>Kontakt:<\/h4>\n<p><strong>tel.:<\/strong> +48\u00a0728\u00a0319\u00a0178<br \/>\n<strong>mail:<\/strong> <a href=\"mailto:kontakt@amalus.com.pl\">kontakt@amalus.com.pl<\/a><\/p>\n<p>Dofinansowanie, fundusze unijne, doradztwo, pomoc w pisaniu wniosk\u00f3w o dotacje unijne, consulting, finansowanie innowacyjnych przedsi\u0119biorstw, zwi\u0119kszenie konkurencyjno\u015bci firmy[\/vc_column_text][\/vc_column][\/vc_row]<\/p>\n<\/section>","protected":false},"excerpt":{"rendered":"<p>[vc_row][vc_column][tm_image action=&#8221;custom_link&#8221; image=&#8221;3172&#8243; custom_link=&#8221;url:https%3A%2F%2Fmapadotacji.gov.pl%2F|target:_blank&#8221;][\/vc_column][\/vc_row][vc_row lg_spacing=&#8221;padding_top:40;padding_bottom:20&#8243; xs_spacing=&#8221;padding_top:15;padding_bottom:15&#8243;][vc_column][tm_heading tag=&#8221;h4&#8243; custom_google_font=&#8221;&#8221; css=&#8221;.vc_custom_1691319590129{padding-bottom: 20px !important;}&#8221;]Aktualna perspektywa unijna na lata 2021-2027 z bud\u017cetem ponad 100 mld euro przyznanych Polsce, zdecydowanie przyczyni si\u0119 do realizacji wielu inwestycji. [\/tm_heading][vc_column_text]Je\u015bli posiadasz opracowany szczeg\u00f3\u0142owy projekt swojego wymarzonego przedsi\u0119biorstwa lub planujesz modernizacj\u0119 istniej\u0105cego, lecz wci\u0105\u017c brakuje Ci niezb\u0119dnych \u015brodk\u00f3w finansowych do jego realizacji, to nadszed\u0142 czas, aby skorzysta\u0107 z Funduszy Europejskich. Jako firma AMALUS posiadamy du\u017ce do\u015bwiadczenie w prowadzeniu projekt\u00f3w badawczych we wsp\u00f3\u0142pracy jednostk\u0105 naukow\u0105 \u2013 Politechnik\u0105 Wroc\u0142awsk\u0105. Nasza oferta skierowana jest do przedsi\u0119biorstw produkcyjnych zlokalizowanych na terytorium Polski, kt\u00f3re pragn\u0105 rozwija\u0107 si\u0119, s\u0105 otwarte na innowacje oraz zmiany. Jeste\u015bmy odpowiednio przygotowani, aby pokierowa\u0107 projektem na etapie: &#8211; opracowania potrzeb produkcyjnych, &#8211; przygotowania cz\u0119\u015bci merytorycznej sk\u0142adanego wniosku, &#8211; opracowanie cz\u0119\u015bci badawczej i jej przeprowadzenie we wsp\u00f3\u0142pracy z jednostk\u0105 naukow\u0105. Kluczem do sukcesu jest efektywna wsp\u00f3\u0142praca pomi\u0119dzy stronami zaanga\u017cowanymi w projekt. Opracowanie wniosku wymaga od Twojej firmy zaanga\u017cowania wielu dzia\u0142\u00f3w jak: techniczny, produkcja, ksi\u0119gowo\u015b\u0107 etc.. W tej konfiguracji na pewno odniesiemy sukces! Nasza firma pomaga skutecznie pozyska\u0107 dotacje na rozw\u00f3j Twojego przedsi\u0119biorstwa![\/vc_column_text][\/vc_column][\/vc_row][vc_row][vc_column][tm_heading tag=&#8221;h4&#8243; custom_google_font=&#8221;&#8221; css=&#8221;.vc_custom_1691319556999{padding-bottom: 20px !important;}&#8221;]Sprawd\u017a aktualne programy dofinansowa\u0144: [\/tm_heading][vc_column_text]https:\/\/www.parp.gov.pl\/component\/grants\/grants\/sciezka-smart PARP[\/vc_column_text][tm_heading tag=&#8221;h4&#8243; custom_google_font=&#8221;&#8221; css=&#8221;.vc_custom_1691319539843{padding-top: 20px !important;}&#8221;]Aktualne projekty: \u015acie\u017cka SMART [\/tm_heading][vc_column_text] Dla kogo? Przedsi\u0119biorstwa ma\u0142e, \u015brednie, du\u017ce i ich konsorcja, w sk\u0142ad kt\u00f3rych mog\u0105 wchodzi\u0107 jednostki naukowe i organizacje pozarz\u0105dowe. Poziom dofinansowania &#8211; nawet do 80% koszt\u00f3w projektu. https:\/\/www.gov.pl\/web\/ncbr NCBR Aktualne projekty: Program FENG Pozosta\u0142e aktualne programy unijne dost\u0119pne na oficjalnej stronie: www.funduszeeuropejskie.gov.pl Do ka\u017cdego projektu podchodzimy indywidualnie. Skontaktuj si\u0119 z nami, a odpowiemy na wszelkie pytania. Kontakt: tel.: +48\u00a0728\u00a0319\u00a0178 mail: kontakt@amalus.com.pl Dofinansowanie, fundusze unijne, doradztwo, pomoc w pisaniu wniosk\u00f3w o dotacje unijne, consulting, finansowanie innowacyjnych przedsi\u0119biorstw, zwi\u0119kszenie konkurencyjno\u015bci firmy[\/vc_column_text][\/vc_column][\/vc_row]<\/p>\n","protected":false},"author":1,"featured_media":0,"parent":0,"menu_order":0,"comment_status":"closed","ping_status":"closed","template":"","meta":{"footnotes":""},"_links":{"self":[{"href":"https:\/\/amalus.com.pl\/new\/wp-json\/wp\/v2\/pages\/3170"}],"collection":[{"href":"https:\/\/amalus.com.pl\/new\/wp-json\/wp\/v2\/pages"}],"about":[{"href":"https:\/\/amalus.com.pl\/new\/wp-json\/wp\/v2\/types\/page"}],"author":[{"embeddable":true,"href":"https:\/\/amalus.com.pl\/new\/wp-json\/wp\/v2\/users\/1"}],"replies":[{"embeddable":true,"href":"https:\/\/amalus.com.pl\/new\/wp-json\/wp\/v2\/comments?post=3170"}],"version-history":[{"count":19,"href":"https:\/\/amalus.com.pl\/new\/wp-json\/wp\/v2\/pages\/3170\/revisions"}],"predecessor-version":[{"id":3680,"href":"https:\/\/amalus.com.pl\/new\/wp-json\/wp\/v2\/pages\/3170\/revisions\/3680"}],"wp:attachment":[{"href":"https:\/\/amalus.com.pl\/new\/wp-json\/wp\/v2\/media?parent=3170"}],"curies":[{"name":"wp","href":"https:\/\/api.w.org\/{rel}","templated":true}]}}