{"id":3179,"date":"2019-03-13T02:12:10","date_gmt":"2019-03-13T02:12:10","guid":{"rendered":"http:\/\/amalus.com.pl\/new\/kontakt-2\/"},"modified":"2023-08-06T11:21:06","modified_gmt":"2023-08-06T11:21:06","slug":"kontakt-2","status":"publish","type":"page","link":"https:\/\/amalus.com.pl\/new\/kontakt-2\/","title":{"rendered":"Kontakt"},"content":{"rendered":"<section class=\"wpb-content-wrapper\"><p>[vc_row][vc_column offset=&#8221;vc_hidden-lg vc_hidden-md vc_hidden-sm&#8221;][tm_image action=&#8221;custom_link&#8221; xs_align=&#8221;center&#8221; image=&#8221;3476&#8243; custom_link=&#8221;url:http%3A%2F%2Famalus.com.pl%2Fnew%2Fdofinansowanie%2F|title:Dofinansowanie&#8221;][\/vc_column][\/vc_row][vc_row full_width=&#8221;stretch_row&#8221; lg_spacing=&#8221;padding_top:120;padding_bottom:110&#8243; sm_spacing=&#8221;padding_top:100;padding_bottom:100&#8243;][vc_column offset=&#8221;vc_col-md-6&#8243;][tm_spacer size=&#8221;sm:0;lg:32&#8243;][tm_heading style=&#8221;left-line&#8221; custom_google_font=&#8221;&#8221; max_width=&#8221;540px&#8221; font_size=&#8221;xs:15;sm:20;md:20;lg:25&#8243;]AMALUS<br \/>\nPawe\u0142 Jab\u0142o\u0144ski[\/tm_heading][tm_spacer size=&#8221;lg:12&#8243;][tm_heading tag=&#8221;div&#8221; custom_google_font=&#8221;&#8221; font_size=&#8221;lg:18&#8243; line_height=&#8221;1.67&#8243; css=&#8221;.vc_custom_1689530122332{margin-left: 34px !important;}&#8221;]ul. Emila Zegad\u0142owicza 41\/1<br \/>\n50-226 Wroc\u0142aw<\/p>\n<p>NIP: 8952167556[\/tm_heading][tm_spacer size=&#8221;xs:20;sm:40;md:20;lg:50&#8243;][tm_heading custom_google_font=&#8221;&#8221; font_size=&#8221;xs:16;sm:16;md:16;lg:18&#8243; line_height=&#8221;1.25&#8243;]Napisz do nas:[\/tm_heading][tm_spacer size=&#8221;lg:19&#8243;][tm_heading tag=&#8221;div&#8221; custom_google_font=&#8221;&#8221; text_color=&#8221;primary&#8221; hover_text_color=&#8221;secondary&#8221; css=&#8221;.vc_custom_1689530317103{margin-bottom: 5px !important;}&#8221;]<a href=\"kontakt@amalus.com.pl\">kontakt@amalus.com.pl<\/a>[\/tm_heading][tm_heading tag=&#8221;div&#8221; custom_google_font=&#8221;&#8221; text_color=&#8221;primary&#8221; hover_text_color=&#8221;secondary&#8221; css=&#8221;.vc_custom_1689530338239{margin-bottom: 5px !important;}&#8221;]<a href=\"b2b@amalus.com.pl \">b2b@amalus.com.pl <\/a>[\/tm_heading][tm_spacer size=&#8221;xs:20;sm:40;md:20;lg:50&#8243;][tm_heading custom_google_font=&#8221;&#8221; font_size=&#8221;xs:16;sm:16;md:16;lg:18&#8243; line_height=&#8221;1.25&#8243;]Porozmawiaj z nami:[\/tm_heading][tm_spacer size=&#8221;lg:20&#8243;][tm_heading tag=&#8221;div&#8221; custom_google_font=&#8221;&#8221; font_weight=&#8221;700&#8243; text_color=&#8221;custom&#8221; custom_text_color=&#8221;#696969&#8243; hover_text_color=&#8221;primary&#8221; css=&#8221;.vc_custom_1689530390160{margin-bottom: 5px !important;}&#8221;]+48\u00a0728\u00a0319\u00a0178[\/tm_heading][tm_spacer size=&#8221;lg:20&#8243;][\/vc_column][vc_column offset=&#8221;vc_col-md-6&#8243;][tm_spacer size=&#8221;sm:0;lg:32&#8243;][tm_heading style=&#8221;left-line&#8221; custom_google_font=&#8221;&#8221; max_width=&#8221;540px&#8221; font_size=&#8221;xs:15;sm:20;md:20;lg:25&#8243;]Formularz kontaktowy[\/tm_heading][tm_spacer size=&#8221;sm:0;lg:32&#8243;][tm_contact_form_7 id=&#8221;3167&#8243;][\/vc_column][\/vc_row]<\/p>\n<\/section>","protected":false},"excerpt":{"rendered":"<p>[vc_row][vc_column offset=&#8221;vc_hidden-lg vc_hidden-md vc_hidden-sm&#8221;][tm_image action=&#8221;custom_link&#8221; xs_align=&#8221;center&#8221; image=&#8221;3476&#8243; custom_link=&#8221;url:http%3A%2F%2Famalus.com.pl%2Fnew%2Fdofinansowanie%2F|title:Dofinansowanie&#8221;][\/vc_column][\/vc_row][vc_row full_width=&#8221;stretch_row&#8221; lg_spacing=&#8221;padding_top:120;padding_bottom:110&#8243; sm_spacing=&#8221;padding_top:100;padding_bottom:100&#8243;][vc_column offset=&#8221;vc_col-md-6&#8243;][tm_spacer size=&#8221;sm:0;lg:32&#8243;][tm_heading style=&#8221;left-line&#8221; custom_google_font=&#8221;&#8221; max_width=&#8221;540px&#8221; font_size=&#8221;xs:15;sm:20;md:20;lg:25&#8243;]AMALUS Pawe\u0142 Jab\u0142o\u0144ski[\/tm_heading][tm_spacer size=&#8221;lg:12&#8243;][tm_heading tag=&#8221;div&#8221; custom_google_font=&#8221;&#8221; font_size=&#8221;lg:18&#8243; line_height=&#8221;1.67&#8243; css=&#8221;.vc_custom_1689530122332{margin-left: 34px !important;}&#8221;]ul. Emila Zegad\u0142owicza 41\/1 50-226 Wroc\u0142aw NIP: 8952167556[\/tm_heading][tm_spacer size=&#8221;xs:20;sm:40;md:20;lg:50&#8243;][tm_heading custom_google_font=&#8221;&#8221; font_size=&#8221;xs:16;sm:16;md:16;lg:18&#8243; line_height=&#8221;1.25&#8243;]Napisz do nas:[\/tm_heading][tm_spacer size=&#8221;lg:19&#8243;][tm_heading tag=&#8221;div&#8221; custom_google_font=&#8221;&#8221; text_color=&#8221;primary&#8221; hover_text_color=&#8221;secondary&#8221; css=&#8221;.vc_custom_1689530317103{margin-bottom: 5px !important;}&#8221;]kontakt@amalus.com.pl[\/tm_heading][tm_heading tag=&#8221;div&#8221; custom_google_font=&#8221;&#8221; text_color=&#8221;primary&#8221; hover_text_color=&#8221;secondary&#8221; css=&#8221;.vc_custom_1689530338239{margin-bottom: 5px !important;}&#8221;]b2b@amalus.com.pl [\/tm_heading][tm_spacer size=&#8221;xs:20;sm:40;md:20;lg:50&#8243;][tm_heading custom_google_font=&#8221;&#8221; font_size=&#8221;xs:16;sm:16;md:16;lg:18&#8243; line_height=&#8221;1.25&#8243;]Porozmawiaj z nami:[\/tm_heading][tm_spacer size=&#8221;lg:20&#8243;][tm_heading tag=&#8221;div&#8221; custom_google_font=&#8221;&#8221; font_weight=&#8221;700&#8243; text_color=&#8221;custom&#8221; custom_text_color=&#8221;#696969&#8243; hover_text_color=&#8221;primary&#8221; css=&#8221;.vc_custom_1689530390160{margin-bottom: 5px !important;}&#8221;]+48\u00a0728\u00a0319\u00a0178[\/tm_heading][tm_spacer size=&#8221;lg:20&#8243;][\/vc_column][vc_column offset=&#8221;vc_col-md-6&#8243;][tm_spacer size=&#8221;sm:0;lg:32&#8243;][tm_heading style=&#8221;left-line&#8221; custom_google_font=&#8221;&#8221; max_width=&#8221;540px&#8221; font_size=&#8221;xs:15;sm:20;md:20;lg:25&#8243;]Formularz kontaktowy[\/tm_heading][tm_spacer size=&#8221;sm:0;lg:32&#8243;][tm_contact_form_7 id=&#8221;3167&#8243;][\/vc_column][\/vc_row]<\/p>\n","protected":false},"author":1,"featured_media":0,"parent":0,"menu_order":0,"comment_status":"closed","ping_status":"closed","template":"","meta":{"footnotes":""},"_links":{"self":[{"href":"https:\/\/amalus.com.pl\/new\/wp-json\/wp\/v2\/pages\/3179"}],"collection":[{"href":"https:\/\/amalus.com.pl\/new\/wp-json\/wp\/v2\/pages"}],"about":[{"href":"https:\/\/amalus.com.pl\/new\/wp-json\/wp\/v2\/types\/page"}],"author":[{"embeddable":true,"href":"https:\/\/amalus.com.pl\/new\/wp-json\/wp\/v2\/users\/1"}],"replies":[{"embeddable":true,"href":"https:\/\/amalus.com.pl\/new\/wp-json\/wp\/v2\/comments?post=3179"}],"version-history":[{"count":12,"href":"https:\/\/amalus.com.pl\/new\/wp-json\/wp\/v2\/pages\/3179\/revisions"}],"predecessor-version":[{"id":3634,"href":"https:\/\/amalus.com.pl\/new\/wp-json\/wp\/v2\/pages\/3179\/revisions\/3634"}],"wp:attachment":[{"href":"https:\/\/amalus.com.pl\/new\/wp-json\/wp\/v2\/media?parent=3179"}],"curies":[{"name":"wp","href":"https:\/\/api.w.org\/{rel}","templated":true}]}}