{"id":3205,"date":"2019-03-13T02:12:10","date_gmt":"2019-03-13T02:12:10","guid":{"rendered":"http:\/\/amalus.com.pl\/new\/automatyka-biogazowni-2-2-2\/"},"modified":"2023-08-06T11:19:53","modified_gmt":"2023-08-06T11:19:53","slug":"automatyka-biogazowni","status":"publish","type":"page","link":"https:\/\/amalus.com.pl\/new\/automatyka-biogazowni\/","title":{"rendered":"Automatyka biogazowni"},"content":{"rendered":"<section class=\"wpb-content-wrapper\"><p>[vc_row][vc_column offset=&#8221;vc_hidden-lg vc_hidden-md vc_hidden-sm&#8221;][tm_image action=&#8221;custom_link&#8221; xs_align=&#8221;center&#8221; image=&#8221;3476&#8243; custom_link=&#8221;url:http%3A%2F%2Famalus.com.pl%2Fnew%2Fdofinansowanie%2F|title:Dofinansowanie&#8221;][\/vc_column][\/vc_row][vc_row][vc_column][tm_spacer size=&#8221;xs:30;sm:30;md:30;lg:60&#8243;][vc_column_text]W poprzednich latach zrealizowali\u015bmy projekty zwi\u0105zane z pochodniami biogazu oraz kompleksowymi uk\u0142adami automatyki dla biogazowni. Pochodna biogazu jest istotnym elementem procesu przetwarzania biogazu, kt\u00f3ry przyczynia si\u0119 do ochrony \u015brodowiska i efektywnego wykorzystania odnawialnych \u017ar\u00f3de\u0142 energii.<br \/>\nPochodna biogazu to proces spalania nadmiaru biogazu, kt\u00f3ry jest produkowany w biogazowniach. Biogaz to mieszanka gaz\u00f3w, kt\u00f3ra powstaje w wyniku rozk\u0142adu organicznych substancji, takich jak odpady organiczne, resztki ro\u015blinne, gnojowica czy szlam \u015bciekowy. Biogaz jest cennym \u017ar\u00f3d\u0142em energii odnawialnej, sk\u0142adaj\u0105cym si\u0119 g\u0142\u00f3wnie z metanu i dwutlenku w\u0119gla.<\/p>\n<p>Spalanie nadmiaru biogazu w pochodniach jest wa\u017cne z kilku powod\u00f3w. Po pierwsze, umo\u017cliwia kontrolowane i bezpieczne pozbycie si\u0119 nadmiaru biogazu, kt\u00f3ry nie jest potrzebny do generacji energii. Spalanie tego nadmiaru przeciwdzia\u0142a przedostawaniu si\u0119 metanu &#8211; silnie dzia\u0142aj\u0105cego gazu cieplarnianego &#8211; do atmosfery, co przyczynia si\u0119 do redukcji emisji gaz\u00f3w cieplarnianych i zmniejszenia negatywnego wp\u0142ywu na \u015brodowisko.<\/p>\n<p>Ponadto, realizuj\u0105c ca\u0142e uk\u0142ady automatyki dla biogazowni, wspierali\u015bmy optymalne zarz\u0105dzanie procesem produkcji biogazu. Nasze rozwi\u0105zania automatyzacyjne umo\u017cliwiaj\u0105 monitorowanie i kontrol\u0119 parametr\u00f3w, takich jak temperatura, ci\u015bnienie, poziom gazu, ilo\u015b\u0107 substancji od\u017cywczych itp. Dzi\u0119ki temu, mo\u017cliwe jest zoptymalizowanie wydajno\u015bci procesu, zapewnienie bezpiecze\u0144stwa i minimalizacja ryzyka awarii.<\/p>\n<p>Dbanie o pochodne biogazu oraz stosowanie kompleksowych uk\u0142ad\u00f3w automatyki w biogazowniach ma wiele korzy\u015bci. Po pierwsze, przyczynia si\u0119 do ochrony \u015brodowiska poprzez redukcj\u0119 emisji gaz\u00f3w cieplarnianych i minimalizacj\u0119 wp\u0142ywu na klimat. Wykorzystywanie biogazu jako odnawialnego \u017ar\u00f3d\u0142a energii przyczynia si\u0119 r\u00f3wnie\u017c do redukcji zale\u017cno\u015bci od tradycyjnych \u017ar\u00f3de\u0142 paliw kopalnych.<\/p>\n<p>Dodatkowo, dobrze zaprojektowane i zautomatyzowane uk\u0142ady dla biogazowni zapewniaj\u0105 efektywne wykorzystanie dost\u0119pnych surowc\u00f3w i minimalizacj\u0119 strat. Poprawa wydajno\u015bci procesu produkcji biogazu przek\u0142ada si\u0119 na wi\u0119ksz\u0105 ilo\u015b\u0107 energii elektrycznej lub cieplnej, kt\u00f3r\u0105 mo\u017cna wykorzysta\u0107 w r\u00f3\u017cnych dziedzinach, takich jak rolnictwo, przemys\u0142 czy lokalne spo\u0142eczno\u015bci.[\/vc_column_text][tm_spacer size=&#8221;xs:30;sm:30;md:30;lg:100&#8243;][\/vc_column][\/vc_row]<\/p>\n<\/section>","protected":false},"excerpt":{"rendered":"<p>[vc_row][vc_column offset=&#8221;vc_hidden-lg vc_hidden-md vc_hidden-sm&#8221;][tm_image action=&#8221;custom_link&#8221; xs_align=&#8221;center&#8221; image=&#8221;3476&#8243; custom_link=&#8221;url:http%3A%2F%2Famalus.com.pl%2Fnew%2Fdofinansowanie%2F|title:Dofinansowanie&#8221;][\/vc_column][\/vc_row][vc_row][vc_column][tm_spacer size=&#8221;xs:30;sm:30;md:30;lg:60&#8243;][vc_column_text]W poprzednich latach zrealizowali\u015bmy projekty zwi\u0105zane z pochodniami biogazu oraz kompleksowymi uk\u0142adami automatyki dla biogazowni. Pochodna biogazu jest istotnym elementem procesu przetwarzania biogazu, kt\u00f3ry przyczynia si\u0119 do ochrony \u015brodowiska i efektywnego wykorzystania odnawialnych \u017ar\u00f3de\u0142 energii. Pochodna biogazu to proces spalania nadmiaru biogazu, kt\u00f3ry jest produkowany w biogazowniach. Biogaz to mieszanka gaz\u00f3w, kt\u00f3ra powstaje w wyniku rozk\u0142adu organicznych substancji, takich jak odpady organiczne, resztki ro\u015blinne, gnojowica czy szlam \u015bciekowy. Biogaz jest cennym \u017ar\u00f3d\u0142em energii odnawialnej, sk\u0142adaj\u0105cym si\u0119 g\u0142\u00f3wnie z metanu i dwutlenku w\u0119gla. Spalanie nadmiaru biogazu w pochodniach jest wa\u017cne z kilku powod\u00f3w. Po pierwsze, umo\u017cliwia kontrolowane i bezpieczne pozbycie si\u0119 nadmiaru biogazu, kt\u00f3ry nie jest potrzebny do generacji energii. Spalanie tego nadmiaru przeciwdzia\u0142a przedostawaniu si\u0119 metanu &#8211; silnie dzia\u0142aj\u0105cego gazu cieplarnianego &#8211; do atmosfery, co przyczynia si\u0119 do redukcji emisji gaz\u00f3w cieplarnianych i zmniejszenia negatywnego wp\u0142ywu na \u015brodowisko. Ponadto, realizuj\u0105c ca\u0142e uk\u0142ady automatyki dla biogazowni, wspierali\u015bmy optymalne zarz\u0105dzanie procesem produkcji biogazu. Nasze rozwi\u0105zania automatyzacyjne umo\u017cliwiaj\u0105 monitorowanie i kontrol\u0119 parametr\u00f3w, takich jak temperatura, ci\u015bnienie, poziom gazu, ilo\u015b\u0107 substancji od\u017cywczych itp. Dzi\u0119ki temu, mo\u017cliwe jest zoptymalizowanie wydajno\u015bci procesu, zapewnienie bezpiecze\u0144stwa i minimalizacja ryzyka awarii. Dbanie o pochodne biogazu oraz stosowanie kompleksowych uk\u0142ad\u00f3w automatyki w biogazowniach ma wiele korzy\u015bci. Po pierwsze, przyczynia si\u0119 do ochrony \u015brodowiska poprzez redukcj\u0119 emisji gaz\u00f3w cieplarnianych i minimalizacj\u0119 wp\u0142ywu na klimat. Wykorzystywanie biogazu jako odnawialnego \u017ar\u00f3d\u0142a energii przyczynia si\u0119 r\u00f3wnie\u017c do redukcji zale\u017cno\u015bci od tradycyjnych \u017ar\u00f3de\u0142 paliw kopalnych. Dodatkowo, dobrze zaprojektowane i zautomatyzowane uk\u0142ady dla biogazowni zapewniaj\u0105 efektywne wykorzystanie dost\u0119pnych surowc\u00f3w i minimalizacj\u0119 strat. Poprawa wydajno\u015bci procesu produkcji biogazu przek\u0142ada si\u0119 na wi\u0119ksz\u0105 ilo\u015b\u0107 energii elektrycznej lub cieplnej, kt\u00f3r\u0105 mo\u017cna wykorzysta\u0107 w r\u00f3\u017cnych dziedzinach, takich jak rolnictwo, przemys\u0142 czy lokalne spo\u0142eczno\u015bci.[\/vc_column_text][tm_spacer size=&#8221;xs:30;sm:30;md:30;lg:100&#8243;][\/vc_column][\/vc_row]<\/p>\n","protected":false},"author":1,"featured_media":0,"parent":0,"menu_order":0,"comment_status":"closed","ping_status":"closed","template":"","meta":{"footnotes":""},"_links":{"self":[{"href":"https:\/\/amalus.com.pl\/new\/wp-json\/wp\/v2\/pages\/3205"}],"collection":[{"href":"https:\/\/amalus.com.pl\/new\/wp-json\/wp\/v2\/pages"}],"about":[{"href":"https:\/\/amalus.com.pl\/new\/wp-json\/wp\/v2\/types\/page"}],"author":[{"embeddable":true,"href":"https:\/\/amalus.com.pl\/new\/wp-json\/wp\/v2\/users\/1"}],"replies":[{"embeddable":true,"href":"https:\/\/amalus.com.pl\/new\/wp-json\/wp\/v2\/comments?post=3205"}],"version-history":[{"count":9,"href":"https:\/\/amalus.com.pl\/new\/wp-json\/wp\/v2\/pages\/3205\/revisions"}],"predecessor-version":[{"id":3631,"href":"https:\/\/amalus.com.pl\/new\/wp-json\/wp\/v2\/pages\/3205\/revisions\/3631"}],"wp:attachment":[{"href":"https:\/\/amalus.com.pl\/new\/wp-json\/wp\/v2\/media?parent=3205"}],"curies":[{"name":"wp","href":"https:\/\/api.w.org\/{rel}","templated":true}]}}