{"id":3215,"date":"2019-03-13T02:12:10","date_gmt":"2019-03-13T02:12:10","guid":{"rendered":"http:\/\/amalus.com.pl\/new\/uklady-sterowania-central-wentylacyjnych-2\/"},"modified":"2023-08-06T11:21:35","modified_gmt":"2023-08-06T11:21:35","slug":"praktyka-zawodowa","status":"publish","type":"page","link":"https:\/\/amalus.com.pl\/new\/praktyka-zawodowa\/","title":{"rendered":"Praktyka zawodowa"},"content":{"rendered":"<section class=\"wpb-content-wrapper\"><p>[vc_row][vc_column offset=&#8221;vc_hidden-lg vc_hidden-md vc_hidden-sm&#8221;][tm_image action=&#8221;custom_link&#8221; xs_align=&#8221;center&#8221; image=&#8221;3476&#8243; custom_link=&#8221;url:http%3A%2F%2Famalus.com.pl%2Fnew%2Fdofinansowanie%2F|title:Dofinansowanie&#8221;][\/vc_column][\/vc_row][vc_row][vc_column][tm_spacer size=&#8221;xs:30;sm:30;md:30;lg:60&#8243;][tm_heading custom_google_font=&#8221;&#8221; font_size=&#8221;xs:14;sm:18;md:18;lg:18&#8243;]Firma integratorska bran\u017cy automatyki i robotyki poszukuje osoby na praktyki zawodowe w pe\u0142nym wymiarze czasu pracy.[\/tm_heading][tm_spacer size=&#8221;xs:30;sm:30;md:30;lg:50&#8243;][tm_heading custom_google_font=&#8221;&#8221; font_size=&#8221;xs:14;sm:18;md:18;lg:18&#8243;]Je\u015bli:[\/tm_heading][tm_spacer size=&#8221;xs:30;sm:30;md:30;lg:25&#8243;][vc_column_text]\u2981 studiujesz automatyk\u0119 i robotyk\u0119, mechatronik\u0119 lub mechanik\u0105 i budow\u0119 maszyn<br \/>\n\u2981 chcesz zdoby\u0107 wiedz\u0119 z zakresu analizy i projektowania uk\u0142ad\u00f3w automatyki?<br \/>\n\u2981 chcesz zaznajomi\u0107 si\u0119 z warsztatem pracy automatyka?<br \/>\n\u2981 chcesz pozna\u0107 systemy SCADA \/ HMI?<br \/>\n\u2981 komunikujesz si\u0119 w j\u0119zyku angielskim na poziomie B2, kt\u00f3ry umo\u017cliwia Ci swobodn\u0105 prac\u0119 z dokumentacj\u0105 techniczn\u0105,<br \/>\n\u2981 chcesz zdobywa\u0107 wiedz\u0119 w praktyce,<br \/>\n\u2981 jeste\u015b osob\u0105 o umy\u015ble analitycznym, dyspozycyjn\u0105, uwa\u017cnie s\u0142uchaj\u0105c\u0105, dok\u0142adn\u0105, zaanga\u017cowan\u0105, odpowiedzialn\u0105 i samodzieln\u0105,[\/vc_column_text][tm_spacer size=&#8221;xs:30;sm:30;md:30;lg:25&#8243;][tm_heading custom_google_font=&#8221;&#8221; font_size=&#8221;xs:14;sm:18;md:18;lg:18&#8243;]To og\u0142oszenie jest dla Ciebie![\/tm_heading][tm_spacer size=&#8221;xs:30;sm:30;md:30;lg:30&#8243;][vc_separator color=&#8221;custom&#8221; accent_color=&#8221;#0a0a0a&#8221;][tm_spacer size=&#8221;xs:30;sm:30;md:30;lg:60&#8243;][tm_heading custom_google_font=&#8221;&#8221; font_size=&#8221;xs:18;sm:22;md:22;lg:24&#8243;]Oferujemy:[\/tm_heading][tm_spacer size=&#8221;xs:30;sm:30;md:30;lg:25&#8243;][vc_column_text]\u2981 praktyki pod okiem do\u015bwiadczonych automatyk\u00f3w z wiedz\u0105 teoretyczn\u0105 (\u015bcis\u0142a wsp\u00f3\u0142praca z PWr na szczeblu doktoranckim) oraz praktyczn\u0105<br \/>\n\u2981 elastyczne godziny pracy (praca w systemie zmianowym)<br \/>\n\u2981 wsp\u00f3lne wyjazdy do kontrahent\u00f3w na hale produkcyjne<br \/>\n\u2981 sta\u017c p\u0142atny[\/vc_column_text][tm_spacer size=&#8221;xs:30;sm:30;md:30;lg:25&#8243;][tm_heading custom_google_font=&#8221;&#8221; font_size=&#8221;xs:15;sm:18;md:18;lg:18&#8243;]Je\u015bli ta oferta brzmi interesuj\u0105co, chcieliby\u015bmy Ci\u0119 pozna\u0107 \u2013 aplikuj![\/tm_heading][tm_spacer size=&#8221;xs:30;sm:30;md:30;lg:25&#8243;][vc_column_text]Wy\u015blij nam swoje CV na adres: <strong><a href=\"mailto:kontakt@amalus.com.pl\">kontakt@amalus.com.pl<\/a> <\/strong>[\/vc_column_text][tm_spacer size=&#8221;xs:30;sm:30;md:30;lg:25&#8243;][vc_column_text]Prosimy w CV o umieszczenie klauzuli: &#8222;Wyra\u017cam zgod\u0119 na przetwarzanie moich danych osobowych przez firm\u0119 AMALUS Pawe\u0142 Jab\u0142o\u0144ski w celu prowadzenia rekrutacji na aplikowane przeze mnie stanowisko.&#8221;[\/vc_column_text][tm_spacer size=&#8221;xs:30;sm:30;md:30;lg:60&#8221;][\/vc_column][\/vc_row]<\/p>\n<\/section>","protected":false},"excerpt":{"rendered":"<p>[vc_row][vc_column offset=&#8221;vc_hidden-lg vc_hidden-md vc_hidden-sm&#8221;][tm_image action=&#8221;custom_link&#8221; xs_align=&#8221;center&#8221; image=&#8221;3476&#8243; custom_link=&#8221;url:http%3A%2F%2Famalus.com.pl%2Fnew%2Fdofinansowanie%2F|title:Dofinansowanie&#8221;][\/vc_column][\/vc_row][vc_row][vc_column][tm_spacer size=&#8221;xs:30;sm:30;md:30;lg:60&#8243;][tm_heading custom_google_font=&#8221;&#8221; font_size=&#8221;xs:14;sm:18;md:18;lg:18&#8243;]Firma integratorska bran\u017cy automatyki i robotyki poszukuje osoby na praktyki zawodowe w pe\u0142nym wymiarze czasu pracy.[\/tm_heading][tm_spacer size=&#8221;xs:30;sm:30;md:30;lg:50&#8243;][tm_heading custom_google_font=&#8221;&#8221; font_size=&#8221;xs:14;sm:18;md:18;lg:18&#8243;]Je\u015bli:[\/tm_heading][tm_spacer size=&#8221;xs:30;sm:30;md:30;lg:25&#8243;][vc_column_text]\u2981 studiujesz automatyk\u0119 i robotyk\u0119, mechatronik\u0119 lub mechanik\u0105 i budow\u0119 maszyn \u2981 chcesz zdoby\u0107 wiedz\u0119 z zakresu analizy i projektowania uk\u0142ad\u00f3w automatyki? \u2981 chcesz zaznajomi\u0107 si\u0119 z warsztatem pracy automatyka? \u2981 chcesz pozna\u0107 systemy SCADA \/ HMI? \u2981 komunikujesz si\u0119 w j\u0119zyku angielskim na poziomie B2, kt\u00f3ry umo\u017cliwia Ci swobodn\u0105 prac\u0119 z dokumentacj\u0105 techniczn\u0105, \u2981 chcesz zdobywa\u0107 wiedz\u0119 w praktyce, \u2981 jeste\u015b osob\u0105 o umy\u015ble analitycznym, dyspozycyjn\u0105, uwa\u017cnie s\u0142uchaj\u0105c\u0105, dok\u0142adn\u0105, zaanga\u017cowan\u0105, odpowiedzialn\u0105 i samodzieln\u0105,[\/vc_column_text][tm_spacer size=&#8221;xs:30;sm:30;md:30;lg:25&#8243;][tm_heading custom_google_font=&#8221;&#8221; font_size=&#8221;xs:14;sm:18;md:18;lg:18&#8243;]To og\u0142oszenie jest dla Ciebie![\/tm_heading][tm_spacer size=&#8221;xs:30;sm:30;md:30;lg:30&#8243;][vc_separator color=&#8221;custom&#8221; accent_color=&#8221;#0a0a0a&#8221;][tm_spacer size=&#8221;xs:30;sm:30;md:30;lg:60&#8243;][tm_heading custom_google_font=&#8221;&#8221; font_size=&#8221;xs:18;sm:22;md:22;lg:24&#8243;]Oferujemy:[\/tm_heading][tm_spacer size=&#8221;xs:30;sm:30;md:30;lg:25&#8243;][vc_column_text]\u2981 praktyki pod okiem do\u015bwiadczonych automatyk\u00f3w z wiedz\u0105 teoretyczn\u0105 (\u015bcis\u0142a wsp\u00f3\u0142praca z PWr na szczeblu doktoranckim) oraz praktyczn\u0105 \u2981 elastyczne godziny pracy (praca w systemie zmianowym) \u2981 wsp\u00f3lne wyjazdy do kontrahent\u00f3w na hale produkcyjne \u2981 sta\u017c p\u0142atny[\/vc_column_text][tm_spacer size=&#8221;xs:30;sm:30;md:30;lg:25&#8243;][tm_heading custom_google_font=&#8221;&#8221; font_size=&#8221;xs:15;sm:18;md:18;lg:18&#8243;]Je\u015bli ta oferta brzmi interesuj\u0105co, chcieliby\u015bmy Ci\u0119 pozna\u0107 \u2013 aplikuj![\/tm_heading][tm_spacer size=&#8221;xs:30;sm:30;md:30;lg:25&#8243;][vc_column_text]Wy\u015blij nam swoje CV na adres: kontakt@amalus.com.pl [\/vc_column_text][tm_spacer size=&#8221;xs:30;sm:30;md:30;lg:25&#8243;][vc_column_text]Prosimy w CV o umieszczenie klauzuli: &#8222;Wyra\u017cam zgod\u0119 na przetwarzanie moich danych osobowych przez firm\u0119 AMALUS Pawe\u0142 Jab\u0142o\u0144ski w celu prowadzenia rekrutacji na aplikowane przeze mnie stanowisko.&#8221;[\/vc_column_text][tm_spacer size=&#8221;xs:30;sm:30;md:30;lg:60&#8221;][\/vc_column][\/vc_row]<\/p>\n","protected":false},"author":1,"featured_media":0,"parent":0,"menu_order":0,"comment_status":"closed","ping_status":"closed","template":"","meta":{"footnotes":""},"_links":{"self":[{"href":"https:\/\/amalus.com.pl\/new\/wp-json\/wp\/v2\/pages\/3215"}],"collection":[{"href":"https:\/\/amalus.com.pl\/new\/wp-json\/wp\/v2\/pages"}],"about":[{"href":"https:\/\/amalus.com.pl\/new\/wp-json\/wp\/v2\/types\/page"}],"author":[{"embeddable":true,"href":"https:\/\/amalus.com.pl\/new\/wp-json\/wp\/v2\/users\/1"}],"replies":[{"embeddable":true,"href":"https:\/\/amalus.com.pl\/new\/wp-json\/wp\/v2\/comments?post=3215"}],"version-history":[{"count":17,"href":"https:\/\/amalus.com.pl\/new\/wp-json\/wp\/v2\/pages\/3215\/revisions"}],"predecessor-version":[{"id":3635,"href":"https:\/\/amalus.com.pl\/new\/wp-json\/wp\/v2\/pages\/3215\/revisions\/3635"}],"wp:attachment":[{"href":"https:\/\/amalus.com.pl\/new\/wp-json\/wp\/v2\/media?parent=3215"}],"curies":[{"name":"wp","href":"https:\/\/api.w.org\/{rel}","templated":true}]}}